{"id":2184,"date":"2022-05-10T12:05:34","date_gmt":"2022-05-10T10:05:34","guid":{"rendered":"https:\/\/skupujemykazdeauto.pl\/datenschutzerklaerung-fuer-formulare\/"},"modified":"2024-11-25T14:47:31","modified_gmt":"2024-11-25T13:47:31","slug":"datenschutzerklaerung-fuer-formulare","status":"publish","type":"page","link":"https:\/\/skupujemykazdeauto.pl\/de\/datenschutzerklaerung-fuer-formulare\/","title":{"rendered":"Datenschutzerkl\u00e4rung f\u00fcr Formulare"},"content":{"rendered":"<p>[et_pb_section fb_built=&#8220;1&#8243; theme_builder_area=&#8220;post_content&#8220; _builder_version=&#8220;4.17.3&#8243; _module_preset=&#8220;default&#8220;][et_pb_row _builder_version=&#8220;4.17.3&#8243; _module_preset=&#8220;default&#8220; theme_builder_area=&#8220;post_content&#8220;][et_pb_column _builder_version=&#8220;4.17.3&#8243; _module_preset=&#8220;default&#8220; type=&#8220;4_4&#8243; theme_builder_area=&#8220;post_content&#8220;][et_pb_text _builder_version=&#8220;4.17.3&#8243; _module_preset=&#8220;default&#8220; theme_builder_area=&#8220;post_content&#8220; hover_enabled=&#8220;0&#8243; sticky_enabled=&#8220;0&#8243;]<\/p>\n<p>Korzystaj\u0105c z formularzy kontaktowych wyra\u017cam zgod\u0119 na przetwarzanie moich danych osobowych, zawartych w niniejszym formularzu kontaktowym, przez firm\u0119 SP\u00d3\u0141DZIELNIA SOCJALNA FRESH CAR, w celu nawi\u0105zania kontaktu i udzielenia odpowiedzi na wiadomo\u015b\u0107 wys\u0142an\u0105 przeze mnie za po\u015brednictwem elektronicznego formularza kontaktowego. Przyjmuj\u0119 do wiadomo\u015bci, \u017ce moje dane osobowe b\u0119d\u0105 przetwarzane w czasie od zadania pytania do czasu za\u0142atwienia sprawy, zgodnie z art. 6 ust 1 lit a Rozporz\u0105dzenia Parlamentu Europejskiego i Rady (UE) 2016\/679 z dnia 27 kwietnia 2016 r. w sprawie ochrony os\u00f3b fizycznych w zwi\u0105zku z przetwarzaniem danych osobowych i w sprawie swobodnego przep\u0142ywu takich danych oraz uchylenia dyrektywy 95\/46\/WE (og\u00f3lne rozporz\u0105dzenia o ochronie danych). Podanie moich danych osobowych jest dobrowolne, jednak brak ich podania uniemo\u017cliwi udzielenie przez Administratora odpowiedzi na korespondencj\u0119. O\u015bwiadczam jednocze\u015bnie, i\u017c przyjmuj\u0119 do wiadomo\u015bci, \u017ce:<\/p>\n<p>1) administratorem tak zebranych danych osobowych jest firma SP\u00d3\u0141DZIELNIA SOCJALNA FRESH CAR. Dane kontaktowe: e-mail: info@skupujemykazdeauto.pl , telefon +48 534688441;<\/p>\n<p>2) moje dane b\u0119d\u0105 przetwarzane w celu realizacji czynno\u015bci podj\u0119tych w celu nawi\u0105zania kontaktu i udzielenia odpowiedzi na moje pytanie;<\/p>\n<p>3) moje dane b\u0119d\u0105 przetwarzane na podstawie wyra\u017conej zgody na ich przetwarzanie;<\/p>\n<p>4) moje dane b\u0119d\u0105 przetwarzane do czasu udzielenia odpowiedzi na zadane pytanie;<\/p>\n<p>5) mam prawo do: wycofania zgody, dost\u0119pu do moich danych osobowych oraz \u017c\u0105dania ich sprostowania, usuni\u0119cia lub ograniczenia ich przetwarzania i przenoszenia moich danych osobowych W celu skorzystania z powy\u017cszych praw nale\u017cy skontaktowa\u0107 si\u0119 z Administratorem. Dane kontaktowe wskazane s\u0105 wy\u017cej.<\/p>\n<p>[\/et_pb_text][\/et_pb_column][\/et_pb_row][\/et_pb_section]<\/p>\n","protected":false},"excerpt":{"rendered":"<p>Korzystaj\u0105c z formularzy kontaktowych wyra\u017cam zgod\u0119 na przetwarzanie moich danych osobowych, zawartych w niniejszym formularzu kontaktowym, przez firm\u0119 SP\u00d3\u0141DZIELNIA SOCJALNA FRESH CAR, w celu nawi\u0105zania kontaktu i udzielenia odpowiedzi na wiadomo\u015b\u0107 wys\u0142an\u0105 przeze mnie za po\u015brednictwem elektronicznego formularza kontaktowego. Przyjmuj\u0119 do wiadomo\u015bci, \u017ce moje dane osobowe b\u0119d\u0105 przetwarzane w czasie od zadania pytania do czasu [&hellip;]<\/p>\n","protected":false},"author":1,"featured_media":0,"parent":0,"menu_order":0,"comment_status":"closed","ping_status":"closed","template":"","meta":{"_et_pb_use_builder":"on","_et_pb_old_content":"","_et_gb_content_width":"","footnotes":""},"class_list":["post-2184","page","type-page","status-publish","hentry"],"yoast_head":"<!-- This site is optimized with the Yoast SEO plugin v27.4 - https:\/\/yoast.com\/product\/yoast-seo-wordpress\/ -->\n<title>Datenschutzerkl\u00e4rung f\u00fcr Formulare - skupujemykazdeauto.pl<\/title>\n<meta name=\"robots\" content=\"index, follow, max-snippet:-1, max-image-preview:large, max-video-preview:-1\" \/>\n<link rel=\"canonical\" href=\"https:\/\/skupujemykazdeauto.pl\/de\/datenschutzerklaerung-fuer-formulare\/\" \/>\n<meta property=\"og:locale\" content=\"de_DE\" \/>\n<meta property=\"og:type\" content=\"article\" \/>\n<meta property=\"og:title\" content=\"Datenschutzerkl\u00e4rung f\u00fcr Formulare - skupujemykazdeauto.pl\" \/>\n<meta property=\"og:description\" content=\"Korzystaj\u0105c z formularzy kontaktowych wyra\u017cam zgod\u0119 na przetwarzanie moich danych osobowych, zawartych w niniejszym formularzu kontaktowym, przez firm\u0119 SP\u00d3\u0141DZIELNIA SOCJALNA FRESH CAR, w celu nawi\u0105zania kontaktu i udzielenia odpowiedzi na wiadomo\u015b\u0107 wys\u0142an\u0105 przeze mnie za po\u015brednictwem elektronicznego formularza kontaktowego. Przyjmuj\u0119 do wiadomo\u015bci, \u017ce moje dane osobowe b\u0119d\u0105 przetwarzane w czasie od zadania pytania do czasu [&hellip;]\" \/>\n<meta property=\"og:url\" content=\"https:\/\/skupujemykazdeauto.pl\/de\/datenschutzerklaerung-fuer-formulare\/\" \/>\n<meta property=\"og:site_name\" content=\"skupujemykazdeauto.pl\" \/>\n<meta property=\"article:modified_time\" content=\"2024-11-25T13:47:31+00:00\" \/>\n<meta name=\"twitter:card\" content=\"summary_large_image\" \/>\n<meta name=\"twitter:label1\" content=\"Gesch\u00e4tzte Lesezeit\" \/>\n\t<meta name=\"twitter:data1\" content=\"2\u00a0Minuten\" \/>\n<script type=\"application\/ld+json\" class=\"yoast-schema-graph\">{\"@context\":\"https:\\\/\\\/schema.org\",\"@graph\":[{\"@type\":\"WebPage\",\"@id\":\"https:\\\/\\\/skupujemykazdeauto.pl\\\/de\\\/datenschutzerklaerung-fuer-formulare\\\/\",\"url\":\"https:\\\/\\\/skupujemykazdeauto.pl\\\/de\\\/datenschutzerklaerung-fuer-formulare\\\/\",\"name\":\"Datenschutzerkl\u00e4rung f\u00fcr Formulare - skupujemykazdeauto.pl\",\"isPartOf\":{\"@id\":\"https:\\\/\\\/skupujemykazdeauto-p-897483.hostingersite.com\\\/#website\"},\"datePublished\":\"2022-05-10T10:05:34+00:00\",\"dateModified\":\"2024-11-25T13:47:31+00:00\",\"breadcrumb\":{\"@id\":\"https:\\\/\\\/skupujemykazdeauto.pl\\\/de\\\/datenschutzerklaerung-fuer-formulare\\\/#breadcrumb\"},\"inLanguage\":\"de\",\"potentialAction\":[{\"@type\":\"ReadAction\",\"target\":[\"https:\\\/\\\/skupujemykazdeauto.pl\\\/de\\\/datenschutzerklaerung-fuer-formulare\\\/\"]}]},{\"@type\":\"BreadcrumbList\",\"@id\":\"https:\\\/\\\/skupujemykazdeauto.pl\\\/de\\\/datenschutzerklaerung-fuer-formulare\\\/#breadcrumb\",\"itemListElement\":[{\"@type\":\"ListItem\",\"position\":1,\"name\":\"Strona g\u0142\u00f3wna\",\"item\":\"https:\\\/\\\/skupujemykazdeauto-p-897483.hostingersite.com\\\/\"},{\"@type\":\"ListItem\",\"position\":2,\"name\":\"Datenschutzerkl\u00e4rung f\u00fcr Formulare\"}]},{\"@type\":\"WebSite\",\"@id\":\"https:\\\/\\\/skupujemykazdeauto-p-897483.hostingersite.com\\\/#website\",\"url\":\"https:\\\/\\\/skupujemykazdeauto-p-897483.hostingersite.com\\\/\",\"name\":\"skupujemykazdeauto.pl\",\"description\":\"SKUPUJEMY KA\u017bDE AUTO!\",\"potentialAction\":[{\"@type\":\"SearchAction\",\"target\":{\"@type\":\"EntryPoint\",\"urlTemplate\":\"https:\\\/\\\/skupujemykazdeauto-p-897483.hostingersite.com\\\/?s={search_term_string}\"},\"query-input\":{\"@type\":\"PropertyValueSpecification\",\"valueRequired\":true,\"valueName\":\"search_term_string\"}}],\"inLanguage\":\"de\"}]}<\/script>\n<!-- \/ Yoast SEO plugin. -->","yoast_head_json":{"title":"Datenschutzerkl\u00e4rung f\u00fcr Formulare - skupujemykazdeauto.pl","robots":{"index":"index","follow":"follow","max-snippet":"max-snippet:-1","max-image-preview":"max-image-preview:large","max-video-preview":"max-video-preview:-1"},"canonical":"https:\/\/skupujemykazdeauto.pl\/de\/datenschutzerklaerung-fuer-formulare\/","og_locale":"de_DE","og_type":"article","og_title":"Datenschutzerkl\u00e4rung f\u00fcr Formulare - skupujemykazdeauto.pl","og_description":"Korzystaj\u0105c z formularzy kontaktowych wyra\u017cam zgod\u0119 na przetwarzanie moich danych osobowych, zawartych w niniejszym formularzu kontaktowym, przez firm\u0119 SP\u00d3\u0141DZIELNIA SOCJALNA FRESH CAR, w celu nawi\u0105zania kontaktu i udzielenia odpowiedzi na wiadomo\u015b\u0107 wys\u0142an\u0105 przeze mnie za po\u015brednictwem elektronicznego formularza kontaktowego. Przyjmuj\u0119 do wiadomo\u015bci, \u017ce moje dane osobowe b\u0119d\u0105 przetwarzane w czasie od zadania pytania do czasu [&hellip;]","og_url":"https:\/\/skupujemykazdeauto.pl\/de\/datenschutzerklaerung-fuer-formulare\/","og_site_name":"skupujemykazdeauto.pl","article_modified_time":"2024-11-25T13:47:31+00:00","twitter_card":"summary_large_image","twitter_misc":{"Gesch\u00e4tzte Lesezeit":"2\u00a0Minuten"},"schema":{"@context":"https:\/\/schema.org","@graph":[{"@type":"WebPage","@id":"https:\/\/skupujemykazdeauto.pl\/de\/datenschutzerklaerung-fuer-formulare\/","url":"https:\/\/skupujemykazdeauto.pl\/de\/datenschutzerklaerung-fuer-formulare\/","name":"Datenschutzerkl\u00e4rung f\u00fcr Formulare - skupujemykazdeauto.pl","isPartOf":{"@id":"https:\/\/skupujemykazdeauto-p-897483.hostingersite.com\/#website"},"datePublished":"2022-05-10T10:05:34+00:00","dateModified":"2024-11-25T13:47:31+00:00","breadcrumb":{"@id":"https:\/\/skupujemykazdeauto.pl\/de\/datenschutzerklaerung-fuer-formulare\/#breadcrumb"},"inLanguage":"de","potentialAction":[{"@type":"ReadAction","target":["https:\/\/skupujemykazdeauto.pl\/de\/datenschutzerklaerung-fuer-formulare\/"]}]},{"@type":"BreadcrumbList","@id":"https:\/\/skupujemykazdeauto.pl\/de\/datenschutzerklaerung-fuer-formulare\/#breadcrumb","itemListElement":[{"@type":"ListItem","position":1,"name":"Strona g\u0142\u00f3wna","item":"https:\/\/skupujemykazdeauto-p-897483.hostingersite.com\/"},{"@type":"ListItem","position":2,"name":"Datenschutzerkl\u00e4rung f\u00fcr Formulare"}]},{"@type":"WebSite","@id":"https:\/\/skupujemykazdeauto-p-897483.hostingersite.com\/#website","url":"https:\/\/skupujemykazdeauto-p-897483.hostingersite.com\/","name":"skupujemykazdeauto.pl","description":"SKUPUJEMY KA\u017bDE AUTO!","potentialAction":[{"@type":"SearchAction","target":{"@type":"EntryPoint","urlTemplate":"https:\/\/skupujemykazdeauto-p-897483.hostingersite.com\/?s={search_term_string}"},"query-input":{"@type":"PropertyValueSpecification","valueRequired":true,"valueName":"search_term_string"}}],"inLanguage":"de"}]}},"_links":{"self":[{"href":"https:\/\/skupujemykazdeauto.pl\/de\/wp-json\/wp\/v2\/pages\/2184","targetHints":{"allow":["GET"]}}],"collection":[{"href":"https:\/\/skupujemykazdeauto.pl\/de\/wp-json\/wp\/v2\/pages"}],"about":[{"href":"https:\/\/skupujemykazdeauto.pl\/de\/wp-json\/wp\/v2\/types\/page"}],"author":[{"embeddable":true,"href":"https:\/\/skupujemykazdeauto.pl\/de\/wp-json\/wp\/v2\/users\/1"}],"replies":[{"embeddable":true,"href":"https:\/\/skupujemykazdeauto.pl\/de\/wp-json\/wp\/v2\/comments?post=2184"}],"version-history":[{"count":2,"href":"https:\/\/skupujemykazdeauto.pl\/de\/wp-json\/wp\/v2\/pages\/2184\/revisions"}],"predecessor-version":[{"id":2186,"href":"https:\/\/skupujemykazdeauto.pl\/de\/wp-json\/wp\/v2\/pages\/2184\/revisions\/2186"}],"wp:attachment":[{"href":"https:\/\/skupujemykazdeauto.pl\/de\/wp-json\/wp\/v2\/media?parent=2184"}],"curies":[{"name":"wp","href":"https:\/\/api.w.org\/{rel}","templated":true}]}}