{"id":2209,"date":"2022-05-09T16:23:03","date_gmt":"2022-05-09T14:23:03","guid":{"rendered":"https:\/\/skupujemykazdeauto.pl\/fahrzeugverschrottung-und-entsorgung\/"},"modified":"2024-11-26T07:04:04","modified_gmt":"2024-11-26T06:04:04","slug":"fahrzeugverschrottung-und-entsorgung","status":"publish","type":"page","link":"https:\/\/skupujemykazdeauto.pl\/de\/fahrzeugverschrottung-und-entsorgung\/","title":{"rendered":"Fahrzeugverschrottung und -entsorgung"},"content":{"rendered":"<p>[et_pb_section fb_built=&#8220;1&#8243; specialty=&#8220;on&#8220; padding_top_1=&#8220;0px&#8220; padding_bottom_1=&#8220;60px&#8220; padding_left_1=&#8220;10%&#8220; padding_top_bottom_link_1=&#8220;false&#8220; padding_left_right_link_1=&#8220;false&#8220; padding_1_tablet=&#8220;|10%||10%||true&#8220; padding_1_phone=&#8220;&#8220; padding_1_last_edited=&#8220;on|desktop&#8220; admin_label=&#8220;Hero&#8220; _builder_version=&#8220;4.17.3&#8243; _module_preset=&#8220;default&#8220; background_color=&#8220;#2d2d2d&#8220; use_background_color_gradient=&#8220;on&#8220; background_color_gradient_direction=&#8220;140deg&#8220; background_color_gradient_stops=&#8220;#19242d 0%|rgba(25,36,45,0.7) 100%&#8220; background_color_gradient_overlays_image=&#8220;on&#8220; background_color_gradient_start=&#8220;#19242d&#8220; background_color_gradient_end=&#8220;rgba(25,36,45,0.7)&#8220; background_image=&#8220;https:\/\/skupujemykazdeauto.pl\/wp-content\/uploads\/2022\/05\/bg_kasacja.jpg&#8220; inner_width=&#8220;100%&#8220; inner_max_width=&#8220;100%&#8220; custom_margin=&#8220;||2%||false|false&#8220; custom_padding=&#8220;8%||0||false|false&#8220; use_custom_width=&#8220;on&#8220; width_unit=&#8220;off&#8220; custom_width_percent=&#8220;100%&#8220; global_colors_info=&#8220;{}&#8220;][et_pb_column type=&#8220;1_2&#8243; _builder_version=&#8220;4.16&#8243; _module_preset=&#8220;default&#8220; custom_padding=&#8220;|||&#8220; global_colors_info=&#8220;{}&#8220; padding_tablet=&#8220;|10%||10%||true&#8220; padding_last_edited=&#8220;on|desktop&#8220; custom_padding__hover=&#8220;|||&#8220; padding_phone=&#8220;|10%||10%||true&#8220;][et_pb_text _builder_version=&#8220;4.17.3&#8243; _module_preset=&#8220;default&#8220; text_font=&#8220;||||||||&#8220; text_text_color=&#8220;#000000&#8243; text_font_size=&#8220;18px&#8220; text_line_height=&#8220;2.1em&#8220; header_font=&#8220;|800|||||||&#8220; header_font_size=&#8220;56px&#8220; header_line_height=&#8220;1.4em&#8220; background_layout=&#8220;dark&#8220; max_width=&#8220;560px&#8220; hover_enabled=&#8220;0&#8243; text_font_size_tablet=&#8220;&#8220; text_font_size_phone=&#8220;15px&#8220; text_font_size_last_edited=&#8220;on|phone&#8220; header_font_size_tablet=&#8220;46px&#8220; header_font_size_phone=&#8220;36px&#8220; header_font_size_last_edited=&#8220;on|desktop&#8220; global_colors_info=&#8220;{}&#8220; sticky_enabled=&#8220;0&#8243;]<\/p>\n<h1>ENTSORGUNG \/ VERSCHROTTUNG<\/h1>\n<p>[\/et_pb_text][et_pb_text _builder_version=&#8220;4.17.3&#8243; _module_preset=&#8220;default&#8220; text_text_color=&#8220;#F7F7FE&#8220; text_font_size=&#8220;22px&#8220; hover_enabled=&#8220;0&#8243; global_colors_info=&#8220;{}&#8220; sticky_enabled=&#8220;0&#8243;]<\/p>\n<p>&#8222;Fahrzeugentsorgung\/Verschrottung in Zielona G\u00f3ra&#8220;<\/p>\n<p>[\/et_pb_text][et_pb_text _builder_version=&#8220;4.17.3&#8243; _module_preset=&#8220;default&#8220; text_font=&#8220;|800|||||||&#8220; text_text_color=&#8220;#EEB230&#8243; text_font_size=&#8220;46px&#8220; text_line_height=&#8220;1.4em&#8220; header_font=&#8220;||||||||&#8220; header_text_color=&#8220;#EEB230&#8243; hover_enabled=&#8220;0&#8243; text_font_size_tablet=&#8220;&#8220; text_font_size_phone=&#8220;36px&#8220; text_font_size_last_edited=&#8220;on|phone&#8220; header_font_size_tablet=&#8220;46px&#8220; header_font_size_phone=&#8220;36px&#8220; header_font_size_last_edited=&#8220;off|desktop&#8220; locked=&#8220;off&#8220; global_colors_info=&#8220;{}&#8220; sticky_enabled=&#8220;0&#8243;]<\/p>\n<p><span>+48 534688441<\/span><\/p>\n<p>[\/et_pb_text][\/et_pb_column][et_pb_column type=&#8220;1_2&#8243; specialty_columns=&#8220;2&#8243; _builder_version=&#8220;4.16&#8243; _module_preset=&#8220;default&#8220; custom_padding=&#8220;|||&#8220; global_colors_info=&#8220;{}&#8220; custom_padding__hover=&#8220;|||&#8220;][\/et_pb_column][\/et_pb_section][et_pb_section fb_built=&#8220;1&#8243; admin_label=&#8220;About&#8220; _builder_version=&#8220;4.16&#8243; _module_preset=&#8220;default&#8220; custom_margin=&#8220;-8px|||||&#8220; custom_padding=&#8220;50px|0|50px|0px|false|false&#8220; global_colors_info=&#8220;{}&#8220;][et_pb_row _builder_version=&#8220;4.16&#8243; _module_preset=&#8220;default&#8220; global_colors_info=&#8220;{}&#8220;][et_pb_column type=&#8220;4_4&#8243; _builder_version=&#8220;4.16&#8243; _module_preset=&#8220;default&#8220; custom_padding=&#8220;|||&#8220; global_colors_info=&#8220;{}&#8220; custom_padding__hover=&#8220;|||&#8220;][et_pb_text _builder_version=&#8220;4.17.3&#8243; _module_preset=&#8220;default&#8220; text_font=&#8220;||||||||&#8220; text_font_size=&#8220;18px&#8220; text_line_height=&#8220;2em&#8220; header_font=&#8220;||||||||&#8220; header_2_font=&#8220;|800|||||||&#8220; header_2_font_size=&#8220;46px&#8220; header_2_line_height=&#8220;1.4em&#8220; text_orientation=&#8220;center&#8220; max_width=&#8220;900px&#8220; module_alignment=&#8220;center&#8220; hover_enabled=&#8220;0&#8243; text_font_size_tablet=&#8220;&#8220; text_font_size_phone=&#8220;15px&#8220; text_font_size_last_edited=&#8220;on|phone&#8220; header_2_font_size_tablet=&#8220;46px&#8220; header_2_font_size_phone=&#8220;36px&#8220; header_2_font_size_last_edited=&#8220;on|phone&#8220; global_colors_info=&#8220;{}&#8220; sticky_enabled=&#8220;0&#8243;]<\/p>\n<h2>SIE K\u00d6NNEN DAMIT SOGAR GELD VERDIENEN!<\/h2>\n<p>[\/et_pb_text][\/et_pb_column][\/et_pb_row][et_pb_row column_structure=&#8220;1_2,1_2&#8243; use_custom_gutter=&#8220;on&#8220; gutter_width=&#8220;2&#8243; make_equal=&#8220;on&#8220; padding_top_bottom_link_1=&#8220;true&#8220; padding_top_bottom_link_2=&#8220;true&#8220; padding_top_bottom_link_3=&#8220;false&#8220; padding_left_right_link_1=&#8220;true&#8220; padding_left_right_link_2=&#8220;true&#8220; padding_left_right_link_3=&#8220;true&#8220; _builder_version=&#8220;4.17.3&#8243; _module_preset=&#8220;default&#8220; width=&#8220;94%&#8220; max_width=&#8220;1170px&#8220; custom_padding=&#8220;|||&#8220; global_colors_info=&#8220;{}&#8220;][et_pb_column type=&#8220;1_2&#8243; _builder_version=&#8220;4.17.3&#8243; _module_preset=&#8220;default&#8220; background_color=&#8220;#EEB230&#8243; custom_padding=&#8220;40px|40px|40px|40px&#8220; global_colors_info=&#8220;{}&#8220; custom_padding__hover=&#8220;|||&#8220;][et_pb_blurb title=&#8220;Ist Ihr Auto reif f\u00fcr die Verschrottung?&#8220; image=&#8220;https:\/\/skupujemykazdeauto.pl\/wp-content\/uploads\/2022\/05\/zlomowanie_pic.jpg&#8220; _builder_version=&#8220;4.17.3&#8243; _module_preset=&#8220;default&#8220; header_font=&#8220;|600||on|||||&#8220; header_font_size=&#8220;24px&#8220; header_line_height=&#8220;1.5em&#8220; body_font=&#8220;||||||||&#8220; body_line_height=&#8220;2em&#8220; text_orientation=&#8220;center&#8220; background_layout=&#8220;dark&#8220; custom_margin=&#8220;||30px|&#8220; animation=&#8220;left&#8220; body_font_size_tablet=&#8220;&#8220; body_font_size_phone=&#8220;15px&#8220; body_font_size_last_edited=&#8220;on|phone&#8220; global_colors_info=&#8220;{}&#8220;]<\/p>\n<p>In unserem Standort nehmen wir jedes Auto an, denn f\u00fcr uns spielt weder das Baujahr noch das Ausma\u00df der Sch\u00e4den eine Rolle. Rufen Sie unsere Hotline an und erkundigen Sie sich nach dem Preis f\u00fcr Ihr Fahrzeug.<\/p>\n<p>[\/et_pb_blurb][\/et_pb_column][et_pb_column type=&#8220;1_2&#8243; _builder_version=&#8220;4.17.3&#8243; _module_preset=&#8220;default&#8220; background_color=&#8220;#05518E&#8220; custom_padding=&#8220;40px|40px|40px|40px&#8220; global_colors_info=&#8220;{}&#8220; custom_padding__hover=&#8220;|||&#8220;][et_pb_blurb title=&#8220;Attraktives Angebot f\u00fcr die Verschrottung&#8220; _builder_version=&#8220;4.17.3&#8243; _module_preset=&#8220;default&#8220; header_font=&#8220;|600||on|||||&#8220; header_font_size=&#8220;24px&#8220; header_line_height=&#8220;1.5em&#8220; body_font=&#8220;||||||||&#8220; body_line_height=&#8220;2em&#8220; background_layout=&#8220;dark&#8220; custom_margin=&#8220;||30px|&#8220; body_font_size_tablet=&#8220;&#8220; body_font_size_phone=&#8220;15px&#8220; body_font_size_last_edited=&#8220;on|phone&#8220; locked=&#8220;off&#8220; global_colors_info=&#8220;{}&#8220;]<\/p>\n<p>Die Verschrottung ist die schnellste Methode, ein Auto loszuwerden. Wir heben uns auf dem Markt dadurch hervor, dass Sie uns Ihr Auto \u00fcbergeben k\u00f6nnen, ohne es bis auf die Karosserie auseinanderbauen zu m\u00fcssen, wie es bei der Abgabe an einen Schrotth\u00e4ndler der Fall ist.<\/p>\n<p>[\/et_pb_blurb][et_pb_blurb use_icon=&#8220;on&#8220; font_icon=&#8220;&#x52;||divi||400&#8243; icon_color=&#8220;#ffffff&#8220; icon_placement=&#8220;left&#8220; image_icon_width=&#8220;20px&#8220; content_max_width_last_edited=&#8220;off|desktop&#8220; _builder_version=&#8220;4.17.3&#8243; _module_preset=&#8220;default&#8220; header_font=&#8220;|700|||||||&#8220; header_font_size=&#8220;16px&#8220; header_line_height=&#8220;1.4em&#8220; body_font=&#8220;|600|||||||&#8220; background_layout=&#8220;dark&#8220; max_width_last_edited=&#8220;off|desktop&#8220; module_alignment=&#8220;right&#8220; custom_margin=&#8220;||20px|&#8220; custom_padding=&#8220;|||&#8220; animation=&#8220;off&#8220; body_font_size_tablet=&#8220;&#8220; body_font_size_phone=&#8220;15px&#8220; body_font_size_last_edited=&#8220;on|phone&#8220; icon_font_size=&#8220;20px&#8220; locked=&#8220;off&#8220; global_colors_info=&#8220;{}&#8220;]<\/p>\n<p>Beim Abschluss des Autoverkaufs erhalten Sie die erforderlichen Unterlagen f\u00fcr die Meldung des Verkaufs und gleichzeitig f\u00fcr die Abmeldung bei der Kfz-Zulassungsstelle.<\/p>\n<p>[\/et_pb_blurb][et_pb_blurb use_icon=&#8220;on&#8220; font_icon=&#8220;&#x52;||divi||400&#8243; icon_color=&#8220;#ffffff&#8220; icon_placement=&#8220;left&#8220; image_icon_width=&#8220;20px&#8220; content_max_width_last_edited=&#8220;off|desktop&#8220; _builder_version=&#8220;4.17.3&#8243; _module_preset=&#8220;default&#8220; header_font=&#8220;|700|||||||&#8220; header_font_size=&#8220;16px&#8220; header_line_height=&#8220;1.4em&#8220; body_font=&#8220;|600|||||||&#8220; background_layout=&#8220;dark&#8220; max_width_last_edited=&#8220;off|desktop&#8220; module_alignment=&#8220;right&#8220; custom_margin=&#8220;||20px|&#8220; custom_padding=&#8220;|||&#8220; animation=&#8220;off&#8220; body_font_size_tablet=&#8220;&#8220; body_font_size_phone=&#8220;15px&#8220; body_font_size_last_edited=&#8220;on|phone&#8220; icon_font_size=&#8220;20px&#8220; locked=&#8220;off&#8220; global_colors_info=&#8220;{}&#8220;]<\/p>\n<p>Es besteht die M\u00f6glichkeit, das Fahrzeug beim Kunden abzuholen, sofern dies f\u00fcr beide Seiten rentabel ist. Wir sind 24 Stunden am Tag telefonisch erreichbar.<\/p>\n<p>[\/et_pb_blurb][et_pb_blurb use_icon=&#8220;on&#8220; font_icon=&#8220;&#x52;||divi||400&#8243; icon_color=&#8220;#ffffff&#8220; icon_placement=&#8220;left&#8220; image_icon_width=&#8220;20px&#8220; content_max_width_last_edited=&#8220;off|desktop&#8220; _builder_version=&#8220;4.17.3&#8243; _module_preset=&#8220;default&#8220; header_font=&#8220;|700|||||||&#8220; header_font_size=&#8220;16px&#8220; header_line_height=&#8220;1.4em&#8220; body_font=&#8220;|600|||||||&#8220; background_layout=&#8220;dark&#8220; max_width_last_edited=&#8220;off|desktop&#8220; module_alignment=&#8220;right&#8220; custom_margin=&#8220;||20px|&#8220; custom_padding=&#8220;|||&#8220; animation=&#8220;off&#8220; body_font_size_tablet=&#8220;&#8220; body_font_size_phone=&#8220;15px&#8220; body_font_size_last_edited=&#8220;on|phone&#8220; icon_font_size=&#8220;20px&#8220; locked=&#8220;off&#8220; global_colors_info=&#8220;{}&#8220;]<\/p>\n<p>Mit unseren Dienstleistungen k\u00f6nnen Sie auf eine schnelle und effektive Fahrzeugverschrottung z\u00e4hlen.<\/p>\n<p>[\/et_pb_blurb][\/et_pb_column][\/et_pb_row][et_pb_row _builder_version=&#8220;4.17.3&#8243; _module_preset=&#8220;default&#8220; global_colors_info=&#8220;{}&#8220;][et_pb_column type=&#8220;4_4&#8243; _builder_version=&#8220;4.17.3&#8243; _module_preset=&#8220;default&#8220; global_colors_info=&#8220;{}&#8220;][et_pb_image src=&#8220;https:\/\/skupujemykazdeauto.pl\/wp-content\/uploads\/2022\/05\/bg_kasacja.jpg&#8220; title_text=&#8220;bg_kasacja&#8220; _builder_version=&#8220;4.17.3&#8243; _module_preset=&#8220;default&#8220; global_colors_info=&#8220;{}&#8220;][\/et_pb_image][\/et_pb_column][\/et_pb_row][et_pb_row _builder_version=&#8220;4.17.3&#8243; _module_preset=&#8220;default&#8220; global_colors_info=&#8220;{}&#8220;][et_pb_column type=&#8220;4_4&#8243; _builder_version=&#8220;4.17.3&#8243; _module_preset=&#8220;default&#8220; global_colors_info=&#8220;{}&#8220;][\/et_pb_column][\/et_pb_row][\/et_pb_section]<\/p>\n","protected":false},"excerpt":{"rendered":"<p>ENTSORGUNG \/ VERSCHROTTUNG&#8220;Fahrzeugentsorgung\/Verschrottung in Zielona G\u00f3ra&#8220;+48 534688441SIE K\u00d6NNEN DAMIT SOGAR GELD VERDIENEN!In unserem Standort nehmen wir jedes Auto an, denn f\u00fcr uns spielt weder das Baujahr noch das Ausma\u00df der Sch\u00e4den eine Rolle. Rufen Sie unsere Hotline an und erkundigen Sie sich nach dem Preis f\u00fcr Ihr Fahrzeug.Die Verschrottung ist die schnellste Methode, ein Auto [&hellip;]<\/p>\n","protected":false},"author":1,"featured_media":0,"parent":0,"menu_order":0,"comment_status":"closed","ping_status":"closed","template":"","meta":{"_et_pb_use_builder":"on","_et_pb_old_content":"","_et_gb_content_width":"","footnotes":""},"class_list":["post-2209","page","type-page","status-publish","hentry"],"yoast_head":"<!-- This site is optimized with the Yoast SEO plugin v27.4 - https:\/\/yoast.com\/product\/yoast-seo-wordpress\/ -->\n<title>Fahrzeugverschrottung und -entsorgung - skupujemykazdeauto.pl<\/title>\n<meta name=\"description\" content=\"Sie k\u00f6nnen sogar daran verdienen! Die Verschrottung ist die schnellste Methode, ein Auto loszuwerden. Wir heben uns auf dem Markt dadurch hervor, dass Sie uns Ihr Auto \u00fcbergeben k\u00f6nnen, ohne es bis auf die Karosserie auseinanderbauen zu m\u00fcssen, wie es bei der Abgabe an einen Schrotth\u00e4ndler der Fall ist.\" \/>\n<meta name=\"robots\" content=\"index, follow, max-snippet:-1, max-image-preview:large, max-video-preview:-1\" \/>\n<link rel=\"canonical\" href=\"https:\/\/skupujemykazdeauto.pl\/de\/fahrzeugverschrottung-und-entsorgung\/\" \/>\n<meta property=\"og:locale\" content=\"de_DE\" \/>\n<meta property=\"og:type\" content=\"article\" \/>\n<meta property=\"og:title\" content=\"Fahrzeugverschrottung und -entsorgung - skupujemykazdeauto.pl\" \/>\n<meta property=\"og:description\" content=\"Sie k\u00f6nnen sogar daran verdienen! Die Verschrottung ist die schnellste Methode, ein Auto loszuwerden. Wir heben uns auf dem Markt dadurch hervor, dass Sie uns Ihr Auto \u00fcbergeben k\u00f6nnen, ohne es bis auf die Karosserie auseinanderbauen zu m\u00fcssen, wie es bei der Abgabe an einen Schrotth\u00e4ndler der Fall ist.\" \/>\n<meta property=\"og:url\" content=\"https:\/\/skupujemykazdeauto.pl\/de\/fahrzeugverschrottung-und-entsorgung\/\" \/>\n<meta property=\"og:site_name\" content=\"skupujemykazdeauto.pl\" \/>\n<meta property=\"article:modified_time\" content=\"2024-11-26T06:04:04+00:00\" \/>\n<meta name=\"twitter:card\" content=\"summary_large_image\" \/>\n<meta name=\"twitter:label1\" content=\"Gesch\u00e4tzte Lesezeit\" \/>\n\t<meta name=\"twitter:data1\" content=\"6\u00a0Minuten\" \/>\n<script type=\"application\/ld+json\" class=\"yoast-schema-graph\">{\"@context\":\"https:\\\/\\\/schema.org\",\"@graph\":[{\"@type\":\"WebPage\",\"@id\":\"https:\\\/\\\/skupujemykazdeauto.pl\\\/de\\\/fahrzeugverschrottung-und-entsorgung\\\/\",\"url\":\"https:\\\/\\\/skupujemykazdeauto.pl\\\/de\\\/fahrzeugverschrottung-und-entsorgung\\\/\",\"name\":\"Fahrzeugverschrottung und -entsorgung - skupujemykazdeauto.pl\",\"isPartOf\":{\"@id\":\"https:\\\/\\\/skupujemykazdeauto-p-897483.hostingersite.com\\\/#website\"},\"datePublished\":\"2022-05-09T14:23:03+00:00\",\"dateModified\":\"2024-11-26T06:04:04+00:00\",\"description\":\"Sie k\u00f6nnen sogar daran verdienen! Die Verschrottung ist die schnellste Methode, ein Auto loszuwerden. Wir heben uns auf dem Markt dadurch hervor, dass Sie uns Ihr Auto \u00fcbergeben k\u00f6nnen, ohne es bis auf die Karosserie auseinanderbauen zu m\u00fcssen, wie es bei der Abgabe an einen Schrotth\u00e4ndler der Fall ist.\",\"breadcrumb\":{\"@id\":\"https:\\\/\\\/skupujemykazdeauto.pl\\\/de\\\/fahrzeugverschrottung-und-entsorgung\\\/#breadcrumb\"},\"inLanguage\":\"de\",\"potentialAction\":[{\"@type\":\"ReadAction\",\"target\":[\"https:\\\/\\\/skupujemykazdeauto.pl\\\/de\\\/fahrzeugverschrottung-und-entsorgung\\\/\"]}]},{\"@type\":\"BreadcrumbList\",\"@id\":\"https:\\\/\\\/skupujemykazdeauto.pl\\\/de\\\/fahrzeugverschrottung-und-entsorgung\\\/#breadcrumb\",\"itemListElement\":[{\"@type\":\"ListItem\",\"position\":1,\"name\":\"Strona g\u0142\u00f3wna\",\"item\":\"https:\\\/\\\/skupujemykazdeauto-p-897483.hostingersite.com\\\/\"},{\"@type\":\"ListItem\",\"position\":2,\"name\":\"Fahrzeugverschrottung und -entsorgung\"}]},{\"@type\":\"WebSite\",\"@id\":\"https:\\\/\\\/skupujemykazdeauto-p-897483.hostingersite.com\\\/#website\",\"url\":\"https:\\\/\\\/skupujemykazdeauto-p-897483.hostingersite.com\\\/\",\"name\":\"skupujemykazdeauto.pl\",\"description\":\"SKUPUJEMY KA\u017bDE AUTO!\",\"potentialAction\":[{\"@type\":\"SearchAction\",\"target\":{\"@type\":\"EntryPoint\",\"urlTemplate\":\"https:\\\/\\\/skupujemykazdeauto-p-897483.hostingersite.com\\\/?s={search_term_string}\"},\"query-input\":{\"@type\":\"PropertyValueSpecification\",\"valueRequired\":true,\"valueName\":\"search_term_string\"}}],\"inLanguage\":\"de\"}]}<\/script>\n<!-- \/ Yoast SEO plugin. -->","yoast_head_json":{"title":"Fahrzeugverschrottung und -entsorgung - skupujemykazdeauto.pl","description":"Sie k\u00f6nnen sogar daran verdienen! Die Verschrottung ist die schnellste Methode, ein Auto loszuwerden. Wir heben uns auf dem Markt dadurch hervor, dass Sie uns Ihr Auto \u00fcbergeben k\u00f6nnen, ohne es bis auf die Karosserie auseinanderbauen zu m\u00fcssen, wie es bei der Abgabe an einen Schrotth\u00e4ndler der Fall ist.","robots":{"index":"index","follow":"follow","max-snippet":"max-snippet:-1","max-image-preview":"max-image-preview:large","max-video-preview":"max-video-preview:-1"},"canonical":"https:\/\/skupujemykazdeauto.pl\/de\/fahrzeugverschrottung-und-entsorgung\/","og_locale":"de_DE","og_type":"article","og_title":"Fahrzeugverschrottung und -entsorgung - skupujemykazdeauto.pl","og_description":"Sie k\u00f6nnen sogar daran verdienen! Die Verschrottung ist die schnellste Methode, ein Auto loszuwerden. Wir heben uns auf dem Markt dadurch hervor, dass Sie uns Ihr Auto \u00fcbergeben k\u00f6nnen, ohne es bis auf die Karosserie auseinanderbauen zu m\u00fcssen, wie es bei der Abgabe an einen Schrotth\u00e4ndler der Fall ist.","og_url":"https:\/\/skupujemykazdeauto.pl\/de\/fahrzeugverschrottung-und-entsorgung\/","og_site_name":"skupujemykazdeauto.pl","article_modified_time":"2024-11-26T06:04:04+00:00","twitter_card":"summary_large_image","twitter_misc":{"Gesch\u00e4tzte Lesezeit":"6\u00a0Minuten"},"schema":{"@context":"https:\/\/schema.org","@graph":[{"@type":"WebPage","@id":"https:\/\/skupujemykazdeauto.pl\/de\/fahrzeugverschrottung-und-entsorgung\/","url":"https:\/\/skupujemykazdeauto.pl\/de\/fahrzeugverschrottung-und-entsorgung\/","name":"Fahrzeugverschrottung und -entsorgung - skupujemykazdeauto.pl","isPartOf":{"@id":"https:\/\/skupujemykazdeauto-p-897483.hostingersite.com\/#website"},"datePublished":"2022-05-09T14:23:03+00:00","dateModified":"2024-11-26T06:04:04+00:00","description":"Sie k\u00f6nnen sogar daran verdienen! Die Verschrottung ist die schnellste Methode, ein Auto loszuwerden. Wir heben uns auf dem Markt dadurch hervor, dass Sie uns Ihr Auto \u00fcbergeben k\u00f6nnen, ohne es bis auf die Karosserie auseinanderbauen zu m\u00fcssen, wie es bei der Abgabe an einen Schrotth\u00e4ndler der Fall ist.","breadcrumb":{"@id":"https:\/\/skupujemykazdeauto.pl\/de\/fahrzeugverschrottung-und-entsorgung\/#breadcrumb"},"inLanguage":"de","potentialAction":[{"@type":"ReadAction","target":["https:\/\/skupujemykazdeauto.pl\/de\/fahrzeugverschrottung-und-entsorgung\/"]}]},{"@type":"BreadcrumbList","@id":"https:\/\/skupujemykazdeauto.pl\/de\/fahrzeugverschrottung-und-entsorgung\/#breadcrumb","itemListElement":[{"@type":"ListItem","position":1,"name":"Strona g\u0142\u00f3wna","item":"https:\/\/skupujemykazdeauto-p-897483.hostingersite.com\/"},{"@type":"ListItem","position":2,"name":"Fahrzeugverschrottung und -entsorgung"}]},{"@type":"WebSite","@id":"https:\/\/skupujemykazdeauto-p-897483.hostingersite.com\/#website","url":"https:\/\/skupujemykazdeauto-p-897483.hostingersite.com\/","name":"skupujemykazdeauto.pl","description":"SKUPUJEMY KA\u017bDE AUTO!","potentialAction":[{"@type":"SearchAction","target":{"@type":"EntryPoint","urlTemplate":"https:\/\/skupujemykazdeauto-p-897483.hostingersite.com\/?s={search_term_string}"},"query-input":{"@type":"PropertyValueSpecification","valueRequired":true,"valueName":"search_term_string"}}],"inLanguage":"de"}]}},"_links":{"self":[{"href":"https:\/\/skupujemykazdeauto.pl\/de\/wp-json\/wp\/v2\/pages\/2209","targetHints":{"allow":["GET"]}}],"collection":[{"href":"https:\/\/skupujemykazdeauto.pl\/de\/wp-json\/wp\/v2\/pages"}],"about":[{"href":"https:\/\/skupujemykazdeauto.pl\/de\/wp-json\/wp\/v2\/types\/page"}],"author":[{"embeddable":true,"href":"https:\/\/skupujemykazdeauto.pl\/de\/wp-json\/wp\/v2\/users\/1"}],"replies":[{"embeddable":true,"href":"https:\/\/skupujemykazdeauto.pl\/de\/wp-json\/wp\/v2\/comments?post=2209"}],"version-history":[{"count":2,"href":"https:\/\/skupujemykazdeauto.pl\/de\/wp-json\/wp\/v2\/pages\/2209\/revisions"}],"predecessor-version":[{"id":2211,"href":"https:\/\/skupujemykazdeauto.pl\/de\/wp-json\/wp\/v2\/pages\/2209\/revisions\/2211"}],"wp:attachment":[{"href":"https:\/\/skupujemykazdeauto.pl\/de\/wp-json\/wp\/v2\/media?parent=2209"}],"curies":[{"name":"wp","href":"https:\/\/api.w.org\/{rel}","templated":true}]}}