{"id":2212,"date":"2022-05-09T15:22:35","date_gmt":"2022-05-09T13:22:35","guid":{"rendered":"https:\/\/skupujemykazdeauto.pl\/datenschutzerklaerung\/"},"modified":"2024-11-26T07:19:11","modified_gmt":"2024-11-26T06:19:11","slug":"datenschutzerklaerung","status":"publish","type":"page","link":"https:\/\/skupujemykazdeauto.pl\/de\/datenschutzerklaerung\/","title":{"rendered":"Datenschutzerkl\u00e4rung"},"content":{"rendered":"<p>[et_pb_section fb_built=&#8220;1&#8243; _builder_version=&#8220;4.16&#8243; global_colors_info=&#8220;{}&#8220;][et_pb_row _builder_version=&#8220;4.16&#8243; background_size=&#8220;initial&#8220; background_position=&#8220;top_left&#8220; background_repeat=&#8220;repeat&#8220; global_colors_info=&#8220;{}&#8220;][et_pb_column type=&#8220;4_4&#8243; _builder_version=&#8220;4.16&#8243; custom_padding=&#8220;|||&#8220; global_colors_info=&#8220;{}&#8220; custom_padding__hover=&#8220;|||&#8220;][et_pb_text _builder_version=&#8220;4.17.3&#8243; background_size=&#8220;initial&#8220; background_position=&#8220;top_left&#8220; background_repeat=&#8220;repeat&#8220; hover_enabled=&#8220;0&#8243; global_colors_info=&#8220;{}&#8220; sticky_enabled=&#8220;0&#8243;]<\/p>\n<h4>Allgemeine Informationen.<\/h4>\n<h5>Administrator<\/h5>\n<p><span>Der Administrator Ihrer personenbezogenen Daten ist Telega Patryk, SP\u00d3\u0141DZIELNIA SOCJALNA FRESH CAR, ul. Fabryczna 19\/26, 65-463 Zielona G\u00f3ra, Tel.: +48 534688441, E-Mail-Adresse: info@skupujemykazdeauto.pl<\/span><\/p>\n<h5>Informationen zu Kontaktformularen<\/h5>\n<ol>\n<li>Der Service sammelt Informationen, die vom Nutzer freiwillig angegeben werden.<\/li>\n<li>Der Service kann auch Informationen \u00fcber Verbindungsparameter speichern (Zeitstempel, IP-Adresse).<\/li>\n<li>Die im Formular angegebenen Daten werden Dritten nur mit Zustimmung des Nutzers zur Verf\u00fcgung gestellt.<\/li>\n<li>Die im Formular angegebenen Daten werden f\u00fcr den Zweck verarbeitet, der sich aus der Funktion des jeweiligen Formulars ergibt, z. B. zur Bearbeitung eines Serviceantrags oder f\u00fcr kommerzielle Kontakte.<\/li>\n<\/ol>\n<h5>Informationen zu Cookies<\/h5>\n<ol>\n<li>Der Service verwendet Cookies.<\/li>\n<li>Cookies sind Daten, insbesondere Textdateien, die auf dem Endger\u00e4t des Nutzers gespeichert werden und f\u00fcr die Nutzung der Webseiten des Service vorgesehen sind. Cookies enthalten in der Regel den Namen der Webseite, von der sie stammen, die Dauer ihrer Speicherung auf dem Endger\u00e4t und eine eindeutige Nummer.<\/li>\n<\/ol>\n<ol start=\"3\">\n<li>Der Betreiber des Service ist die Entit\u00e4t, die Cookies auf dem Endger\u00e4t des Nutzers speichert und darauf zugreift. Cookies werden f\u00fcr folgende Zwecke verwendet:<\/li>\n<\/ol>\n<ul>\n<li>Erstellung von Statistiken, die helfen zu verstehen, wie die Nutzer den Service verwenden, um die Struktur und den Inhalt zu verbessern;<\/li>\n<\/ul>\n<ul>\n<li>Aufrechterhaltung der Benutzersitzung (nach dem Einloggen), sodass der Nutzer nicht auf jeder Unterseite erneut Login und Passwort eingeben muss;<\/li>\n<\/ul>\n<ul>\n<li>Erstellung eines Nutzerprofils, um auf ihn zugeschnittene Inhalte in Werbenetzwerken, insbesondere im Google-Netzwerk, anzuzeigen.<\/li>\n<\/ul>\n<ol start=\"5\">\n<li>Der Service verwendet zwei Hauptarten von Cookies: \u201eSession-Cookies\u201c und \u201ePersistente Cookies\u201c. Session-Cookies sind tempor\u00e4re Dateien, die auf dem Endger\u00e4t des Nutzers bis zum Abmelden, Verlassen der Webseite oder Schlie\u00dfen der Software (Browser) gespeichert werden. Persistente Cookies werden auf dem Endger\u00e4t des Nutzers f\u00fcr die in den Cookie-Parametern angegebene Zeit oder bis zu ihrer L\u00f6schung durch den Nutzer gespeichert.<\/li>\n<\/ol>\n<ol start=\"6\">\n<li>Die Browsersoftware erlaubt in der Regel standardm\u00e4\u00dfig die Speicherung von Cookies auf dem Endger\u00e4t des Nutzers. Die Nutzer k\u00f6nnen ihre Einstellungen in diesem Bereich \u00e4ndern. Der Browser erm\u00f6glicht das L\u00f6schen von Cookies. Es ist auch m\u00f6glich, Cookies automatisch zu blockieren. Weitere Informationen dazu finden Sie in der Hilfe oder Dokumentation des Browsers.<\/li>\n<\/ol>\n<ol start=\"7\">\n<li>Einschr\u00e4nkungen bei der Verwendung von Cookies k\u00f6nnen sich auf einige der auf den Webseiten des Services verf\u00fcgbaren Funktionen auswirken.<\/li>\n<\/ol>\n<ol start=\"8\">\n<li>Cookies, die auf dem Endger\u00e4t des Nutzers des Services gespeichert werden, k\u00f6nnen auch von Werbetreibenden und Partnern verwendet werden, die mit dem Betreiber des Services zusammenarbeiten.<\/li>\n<\/ol>\n<ol start=\"9\">\n<li>Wir empfehlen, die Datenschutzerkl\u00e4rungen dieser Unternehmen zu lesen, um die Regeln f\u00fcr die Verwendung von Cookies zu verstehen, die in Statistiken verwendet werden: <a href=\"https:\/\/policies.google.com\/privacy?hl=de\">Google Analytics Datenschutzrichtlinie<\/a><\/li>\n<\/ol>\n<ol start=\"10\">\n<li>Cookies k\u00f6nnen von Werbenetzwerken, insbesondere dem Google-Netzwerk, verwendet werden, um Werbung anzuzeigen, die an die Art und Weise angepasst ist, wie der Nutzer den Service nutzt. Zu diesem Zweck k\u00f6nnen Informationen \u00fcber die Navigationsroute oder die Verweildauer auf einer bestimmten Seite gespeichert werden.<\/li>\n<\/ol>\n<ol start=\"11\">\n<li>Der Nutzer kann Informationen, die aus Cookies resultieren, \u00fcber das Tool einsehen und bearbeiten: <a href=\"https:\/\/www.google.com\/ads\/preferences\/\">https:\/\/www.google.com\/ads\/preferences\/<\/a><\/li>\n<\/ol>\n<h5>Server-Logs<\/h5>\n<p><span>Informationen \u00fcber bestimmte Nutzeraktivit\u00e4ten werden auf der Serverebene protokolliert. Diese Daten werden ausschlie\u00dflich zur Verwaltung des Services und zur Sicherstellung der bestm\u00f6glichen Effizienz der bereitgestellten Hosting-Dienste verwendet. Die aufgerufenen Ressourcen werden durch URL-Adressen identifiziert. Dar\u00fcber hinaus k\u00f6nnen protokolliert werden:<\/span><\/p>\n<ul>\n<li>Zeitpunkt der Anfrage,<\/li>\n<li>Zeitpunkt der Antwort,<\/li>\n<li>Name der Client-Station \u2013 Identifikation erfolgt durch das HTTP-Protokoll,<\/li>\n<li>Informationen \u00fcber Fehler, die bei der Ausf\u00fchrung von HTTP-Transaktionen aufgetreten sind,<\/li>\n<li>URL der zuvor besuchten Seite des Nutzers (Referrer-Link) \u2013 falls der \u00dcbergang zum Service \u00fcber einen Link erfolgt ist,<\/li>\n<li>Informationen \u00fcber den Browser des Nutzers,<\/li>\n<li>Informationen \u00fcber die IP-Adresse.<\/li>\n<\/ul>\n<ol>\n<li>Die oben genannten Daten werden nicht mit bestimmten Personen in Verbindung gebracht, die die Seiten durchsuchen.<\/li>\n<li>Die oben genannten Daten werden ausschlie\u00dflich zur Serververwaltung verwendet.<\/li>\n<\/ol>\n<h5>Datenweitergabe<\/h5>\n<ol>\n<li>Daten werden externen Entit\u00e4ten nur im Rahmen der gesetzlichen Bestimmungen zur Verf\u00fcgung gestellt.<\/li>\n<li>Daten, die eine Identifizierung einer nat\u00fcrlichen Person erm\u00f6glichen, werden nur mit Zustimmung dieser Person weitergegeben.<\/li>\n<li>Der Betreiber kann verpflichtet sein, vom Service gesammelte Informationen autorisierten Beh\u00f6rden auf der Grundlage rechtlicher Anforderungen in dem durch die Anforderungen festgelegten Umfang bereitzustellen.<\/li>\n<\/ol>\n<h5>Technologien und externe Tools<\/h5>\n<p><span>Auf den Seiten des Services verwenden wir Tools von Drittanbietern, die auf Analytik, Verhaltenswerbung, Remarketing und die Messung der Ergebnisse von Werbekampagnen abzielen. Auf der Grundlage des Nutzerverhaltens (z. B. Klicks, Seitenansichten, Verweildauer) werden anonyme oder pseudonymisierte Nutzerprofile f\u00fcr die Anzeige verhaltensbasierter Werbung erstellt. Pseudonymisierung bedeutet, dass Daten oder Identifikationsmerkmale durch k\u00fcnstliche Kennungen (Pseudonyme) ersetzt werden.<\/span><\/p>\n<h6>Google Analytics<\/h6>\n<p><span>Dieses Tool sammelt anonyme Informationen \u00fcber die Besuche des Nutzers, z. B. angesehene Seiten, Verweildauer, \u00dcberg\u00e4nge zwischen Seiten. Ziel ist es, die Aktivit\u00e4t im Service zu analysieren und die angebotenen Inhalte an die Bed\u00fcrfnisse des Nutzers anzupassen.<\/span><\/p>\n<h6>Google AdWords<\/h6>\n<p><span>Dieses Tool erm\u00f6glicht es, Angebote innerhalb der Suchergebnisse von Google und auf Seiten des Google-Werbenetzwerks anzuzeigen. Es hilft auch, die Effektivit\u00e4t der angezeigten Werbung zu analysieren.<\/span><\/p>\n<h6>Facebook, LinkedIn<\/h6>\n<p><span>Wir verwenden Tools f\u00fcr Werbezwecke und Remarketing, die Informationen \u00fcber das Verhalten der Nutzer sammeln. Auf der Grundlage dieser Informationen k\u00f6nnen Anzeigen auf anderen Webseiten angezeigt werden.<\/span><\/p>\n<h6>Soziale Medien<\/h6>\n<p><span>Auf den Seiten des Services k\u00f6nnen externe Links (z. B. zu einer Facebook-Fanpage oder einem YouTube-Kanal) vorhanden sein. Durch die Nutzung solcher Links verl\u00e4sst der Nutzer unseren Service. Wir haben keine Kontrolle dar\u00fcber, in welchem Umfang externe Anbieter Daten sammeln und wie diese verarbeitet werden. Informationen dazu finden Sie in der Datenschutzerkl\u00e4rung des jeweiligen Anbieters.<\/span><\/p>\n<h6>Weitere Informationen zu Drittanbietern:<\/h6>\n<ul>\n<li>Google LLC (auch f\u00fcr YouTube), 1600 Amphitheatre Parkway, Mountain View, CA 94043, USA \u2013 <a href=\"https:\/\/policies.google.com\/privacy?hl=de\">https:\/\/policies.google.com\/privacy?hl=de<\/a><\/li>\n<li>Facebook Inc., 1601 S. California Ave, Palo Alto, CA 94304, USA \u2013 <a href=\"https:\/\/www.facebook.com\/privacy\/explanation\">https:\/\/www.facebook.com\/privacy\/explanation<\/a><\/li>\n<li>LinkedIn Corporation, 1000 West Maude Avenue, Sunnyvale, CA 94085, USA \u2013 <a href=\"https:\/\/www.linkedin.com\/legal\/cookie-policy\">https:\/\/www.linkedin.com\/legal\/cookie-policy<\/a><\/li>\n<\/ul>\n<p><span>Bitte beachten Sie, dass einige Daten, die von Drittanbietern gesammelt werden, au\u00dferhalb des Europ\u00e4ischen Wirtschaftsraums weitergegeben werden k\u00f6nnen. Wir weisen darauf hin, dass Google LLC, Facebook Inc. und LinkedIn Corporation das EU-US-Privacy-Shield-Zertifikat besitzen, das einen angemessenen Datenschutz gew\u00e4hrleistet.<\/span><\/p>\n<h5>Widerruf der Zustimmung zur Verwendung von Cookies<\/h5>\n<p><span>Der Nutzer kann Cookies nach ihrer Speicherung durch den Administrator l\u00f6schen, indem er die entsprechenden Funktionen des Webbrowsers oder andere daf\u00fcr vorgesehene Tools verwendet. Der Nutzer kann auch die Einwilligung widerrufen und die Cookie-Einstellungen \u00e4ndern, um die automatische Verarbeitung zu blockieren oder \u00fcber jede Platzierung eines Cookies auf dem Ger\u00e4t zu informieren.<\/span><\/p>\n<ul>\n<li>Internet Explorer\u2122 \u2013 <a href=\"https:\/\/support.microsoft.com\/de-de\/help\/278835\/how-to-delete-cookie-files-in-internet-explorer\">https:\/\/support.microsoft.com\/de-de\/help\/278835\/how-to-delete-cookie-files-in-internet-explorer<\/a><\/li>\n<li>Mozilla Firefox\u2122 \u2013 <a href=\"https:\/\/support.mozilla.org\/de\/kb\/cookies-loeschen-daten-von-websites-entfernen\">https:\/\/support.mozilla.org\/de\/kb\/cookies-loeschen-daten-von-websites-entfernen<\/a><\/li>\n<li>Chrome\u2122 \u2013 <a href=\"https:\/\/support.google.com\/chrome\/answer\/95647?hl=de\">https:\/\/support.google.com\/chrome\/answer\/95647?hl=de<\/a><\/li>\n<li>Opera\u2122 \u2013 <a href=\"https:\/\/help.opera.com\/de\/latest\/web-preferences\/\">https:\/\/help.opera.com\/de\/latest\/web-preferences\/<\/a><\/li>\n<li>Safari\u2122 \u2013 <a href=\"https:\/\/support.apple.com\/de-de\/guide\/safari\/sfri11471\/mac\">https:\/\/support.apple.com\/de-de\/guide\/safari\/sfri11471\/mac<\/a><\/li>\n<\/ul>\n<p><span>Nach \u00c4nderung der Einstellungen im Browser wird eine \u201eOpt-out\u201c-Cookie-Datei platziert, die ausschlie\u00dflich dazu dient, den Widerspruch des Nutzers gegen die Nutzung von Cookies zu identifizieren. Die \u201eOpt-out\u201c-Cookie-Datei funktioniert nur im Browser, in dem sie gespeichert wurde. Durch L\u00f6schen von Cookies, die Verwendung eines anderen Browsers oder eines anderen Ger\u00e4ts muss die Einstellung erneut vorgenommen werden.<\/span><br \/>\n<span>Weitere Informationen zu Cookies und anderen Tracking-Technologien, einschlie\u00dflich deren Deaktivierung, finden Sie auf der Seite <a href=\"http:\/\/www.allaboutcookies.org\/\">http:\/\/www.allaboutcookies.org\/<\/a><\/span><\/p>\n<h5>Schlussbestimmungen<\/h5>\n<ul>\n<li>Die Nutzung des Services bedeutet die Zustimmung zu den Bedingungen dieser Datenschutzrichtlinie.<\/li>\n<li>Im Falle von Unstimmigkeiten mit den Bedingungen dieser Datenschutzrichtlinie sollte der Nutzer die Nutzung des Services unterlassen.<\/li>\n<\/ul>\n<h5>Kontaktinformationen<\/h5>\n<p>Wenn Sie Fragen oder Bedenken bez\u00fcglich der Datenschutzrichtlinie haben, kontaktieren Sie uns bitte:<\/p>\n<ul>\n<li>Telefon: +48 534688441<\/li>\n<li>E-Mail: <a href=\"mailto:info@skupujemykazdeauto.pl\">info@skupujemykazdeauto.pl<\/a><\/li>\n<li>Adresse: ul. Fabryczna 19\/26, 65-463 Zielona G\u00f3ra, Polen<\/li>\n<\/ul>\n<p>[\/et_pb_text][\/et_pb_column][\/et_pb_row][\/et_pb_section]<\/p>\n","protected":false},"excerpt":{"rendered":"<p>Allgemeine Informationen. Administrator Der Administrator Ihrer personenbezogenen Daten ist Telega Patryk, SP\u00d3\u0141DZIELNIA SOCJALNA FRESH CAR, ul. Fabryczna 19\/26, 65-463 Zielona G\u00f3ra, Tel.: +48 534688441, E-Mail-Adresse: info@skupujemykazdeauto.pl Informationen zu Kontaktformularen Der Service sammelt Informationen, die vom Nutzer freiwillig angegeben werden. Der Service kann auch Informationen \u00fcber Verbindungsparameter speichern (Zeitstempel, IP-Adresse). Die im Formular angegebenen Daten werden [&hellip;]<\/p>\n","protected":false},"author":1,"featured_media":0,"parent":0,"menu_order":0,"comment_status":"closed","ping_status":"open","template":"","meta":{"_et_pb_use_builder":"on","_et_pb_old_content":"","_et_gb_content_width":"","footnotes":""},"class_list":["post-2212","page","type-page","status-publish","hentry"],"yoast_head":"<!-- This site is optimized with the Yoast SEO plugin v27.4 - https:\/\/yoast.com\/product\/yoast-seo-wordpress\/ -->\n<title>Datenschutzerkl\u00e4rung - skupujemykazdeauto.pl<\/title>\n<meta name=\"robots\" content=\"index, follow, max-snippet:-1, max-image-preview:large, max-video-preview:-1\" \/>\n<link rel=\"canonical\" href=\"https:\/\/skupujemykazdeauto.pl\/de\/datenschutzerklaerung\/\" \/>\n<meta property=\"og:locale\" content=\"de_DE\" \/>\n<meta property=\"og:type\" content=\"article\" \/>\n<meta property=\"og:title\" content=\"Datenschutzerkl\u00e4rung - skupujemykazdeauto.pl\" \/>\n<meta property=\"og:description\" content=\"Allgemeine Informationen. Administrator Der Administrator Ihrer personenbezogenen Daten ist Telega Patryk, SP\u00d3\u0141DZIELNIA SOCJALNA FRESH CAR, ul. Fabryczna 19\/26, 65-463 Zielona G\u00f3ra, Tel.: +48 534688441, E-Mail-Adresse: info@skupujemykazdeauto.pl Informationen zu Kontaktformularen Der Service sammelt Informationen, die vom Nutzer freiwillig angegeben werden. Der Service kann auch Informationen \u00fcber Verbindungsparameter speichern (Zeitstempel, IP-Adresse). Die im Formular angegebenen Daten werden [&hellip;]\" \/>\n<meta property=\"og:url\" content=\"https:\/\/skupujemykazdeauto.pl\/de\/datenschutzerklaerung\/\" \/>\n<meta property=\"og:site_name\" content=\"skupujemykazdeauto.pl\" \/>\n<meta property=\"article:modified_time\" content=\"2024-11-26T06:19:11+00:00\" \/>\n<meta name=\"twitter:card\" content=\"summary_large_image\" \/>\n<meta name=\"twitter:label1\" content=\"Gesch\u00e4tzte Lesezeit\" \/>\n\t<meta name=\"twitter:data1\" content=\"7\u00a0Minuten\" \/>\n<script type=\"application\/ld+json\" class=\"yoast-schema-graph\">{\"@context\":\"https:\\\/\\\/schema.org\",\"@graph\":[{\"@type\":\"WebPage\",\"@id\":\"https:\\\/\\\/skupujemykazdeauto.pl\\\/de\\\/datenschutzerklaerung\\\/\",\"url\":\"https:\\\/\\\/skupujemykazdeauto.pl\\\/de\\\/datenschutzerklaerung\\\/\",\"name\":\"Datenschutzerkl\u00e4rung - skupujemykazdeauto.pl\",\"isPartOf\":{\"@id\":\"https:\\\/\\\/skupujemykazdeauto-p-897483.hostingersite.com\\\/#website\"},\"datePublished\":\"2022-05-09T13:22:35+00:00\",\"dateModified\":\"2024-11-26T06:19:11+00:00\",\"breadcrumb\":{\"@id\":\"https:\\\/\\\/skupujemykazdeauto.pl\\\/de\\\/datenschutzerklaerung\\\/#breadcrumb\"},\"inLanguage\":\"de\",\"potentialAction\":[{\"@type\":\"ReadAction\",\"target\":[\"https:\\\/\\\/skupujemykazdeauto.pl\\\/de\\\/datenschutzerklaerung\\\/\"]}]},{\"@type\":\"BreadcrumbList\",\"@id\":\"https:\\\/\\\/skupujemykazdeauto.pl\\\/de\\\/datenschutzerklaerung\\\/#breadcrumb\",\"itemListElement\":[{\"@type\":\"ListItem\",\"position\":1,\"name\":\"Strona g\u0142\u00f3wna\",\"item\":\"https:\\\/\\\/skupujemykazdeauto-p-897483.hostingersite.com\\\/\"},{\"@type\":\"ListItem\",\"position\":2,\"name\":\"Datenschutzerkl\u00e4rung\"}]},{\"@type\":\"WebSite\",\"@id\":\"https:\\\/\\\/skupujemykazdeauto-p-897483.hostingersite.com\\\/#website\",\"url\":\"https:\\\/\\\/skupujemykazdeauto-p-897483.hostingersite.com\\\/\",\"name\":\"skupujemykazdeauto.pl\",\"description\":\"SKUPUJEMY KA\u017bDE AUTO!\",\"potentialAction\":[{\"@type\":\"SearchAction\",\"target\":{\"@type\":\"EntryPoint\",\"urlTemplate\":\"https:\\\/\\\/skupujemykazdeauto-p-897483.hostingersite.com\\\/?s={search_term_string}\"},\"query-input\":{\"@type\":\"PropertyValueSpecification\",\"valueRequired\":true,\"valueName\":\"search_term_string\"}}],\"inLanguage\":\"de\"}]}<\/script>\n<!-- \/ Yoast SEO plugin. -->","yoast_head_json":{"title":"Datenschutzerkl\u00e4rung - skupujemykazdeauto.pl","robots":{"index":"index","follow":"follow","max-snippet":"max-snippet:-1","max-image-preview":"max-image-preview:large","max-video-preview":"max-video-preview:-1"},"canonical":"https:\/\/skupujemykazdeauto.pl\/de\/datenschutzerklaerung\/","og_locale":"de_DE","og_type":"article","og_title":"Datenschutzerkl\u00e4rung - skupujemykazdeauto.pl","og_description":"Allgemeine Informationen. Administrator Der Administrator Ihrer personenbezogenen Daten ist Telega Patryk, SP\u00d3\u0141DZIELNIA SOCJALNA FRESH CAR, ul. Fabryczna 19\/26, 65-463 Zielona G\u00f3ra, Tel.: +48 534688441, E-Mail-Adresse: info@skupujemykazdeauto.pl Informationen zu Kontaktformularen Der Service sammelt Informationen, die vom Nutzer freiwillig angegeben werden. Der Service kann auch Informationen \u00fcber Verbindungsparameter speichern (Zeitstempel, IP-Adresse). Die im Formular angegebenen Daten werden [&hellip;]","og_url":"https:\/\/skupujemykazdeauto.pl\/de\/datenschutzerklaerung\/","og_site_name":"skupujemykazdeauto.pl","article_modified_time":"2024-11-26T06:19:11+00:00","twitter_card":"summary_large_image","twitter_misc":{"Gesch\u00e4tzte Lesezeit":"7\u00a0Minuten"},"schema":{"@context":"https:\/\/schema.org","@graph":[{"@type":"WebPage","@id":"https:\/\/skupujemykazdeauto.pl\/de\/datenschutzerklaerung\/","url":"https:\/\/skupujemykazdeauto.pl\/de\/datenschutzerklaerung\/","name":"Datenschutzerkl\u00e4rung - skupujemykazdeauto.pl","isPartOf":{"@id":"https:\/\/skupujemykazdeauto-p-897483.hostingersite.com\/#website"},"datePublished":"2022-05-09T13:22:35+00:00","dateModified":"2024-11-26T06:19:11+00:00","breadcrumb":{"@id":"https:\/\/skupujemykazdeauto.pl\/de\/datenschutzerklaerung\/#breadcrumb"},"inLanguage":"de","potentialAction":[{"@type":"ReadAction","target":["https:\/\/skupujemykazdeauto.pl\/de\/datenschutzerklaerung\/"]}]},{"@type":"BreadcrumbList","@id":"https:\/\/skupujemykazdeauto.pl\/de\/datenschutzerklaerung\/#breadcrumb","itemListElement":[{"@type":"ListItem","position":1,"name":"Strona g\u0142\u00f3wna","item":"https:\/\/skupujemykazdeauto-p-897483.hostingersite.com\/"},{"@type":"ListItem","position":2,"name":"Datenschutzerkl\u00e4rung"}]},{"@type":"WebSite","@id":"https:\/\/skupujemykazdeauto-p-897483.hostingersite.com\/#website","url":"https:\/\/skupujemykazdeauto-p-897483.hostingersite.com\/","name":"skupujemykazdeauto.pl","description":"SKUPUJEMY KA\u017bDE AUTO!","potentialAction":[{"@type":"SearchAction","target":{"@type":"EntryPoint","urlTemplate":"https:\/\/skupujemykazdeauto-p-897483.hostingersite.com\/?s={search_term_string}"},"query-input":{"@type":"PropertyValueSpecification","valueRequired":true,"valueName":"search_term_string"}}],"inLanguage":"de"}]}},"_links":{"self":[{"href":"https:\/\/skupujemykazdeauto.pl\/de\/wp-json\/wp\/v2\/pages\/2212","targetHints":{"allow":["GET"]}}],"collection":[{"href":"https:\/\/skupujemykazdeauto.pl\/de\/wp-json\/wp\/v2\/pages"}],"about":[{"href":"https:\/\/skupujemykazdeauto.pl\/de\/wp-json\/wp\/v2\/types\/page"}],"author":[{"embeddable":true,"href":"https:\/\/skupujemykazdeauto.pl\/de\/wp-json\/wp\/v2\/users\/1"}],"replies":[{"embeddable":true,"href":"https:\/\/skupujemykazdeauto.pl\/de\/wp-json\/wp\/v2\/comments?post=2212"}],"version-history":[{"count":5,"href":"https:\/\/skupujemykazdeauto.pl\/de\/wp-json\/wp\/v2\/pages\/2212\/revisions"}],"predecessor-version":[{"id":2220,"href":"https:\/\/skupujemykazdeauto.pl\/de\/wp-json\/wp\/v2\/pages\/2212\/revisions\/2220"}],"wp:attachment":[{"href":"https:\/\/skupujemykazdeauto.pl\/de\/wp-json\/wp\/v2\/media?parent=2212"}],"curies":[{"name":"wp","href":"https:\/\/api.w.org\/{rel}","templated":true}]}}